{"id":76,"date":"2015-02-01T21:18:58","date_gmt":"2015-02-01T21:18:58","guid":{"rendered":"https:\/\/www.nicole-reinhard.de\/de\/?page_id=76"},"modified":"2022-09-03T11:57:17","modified_gmt":"2022-09-03T11:57:17","slug":"nicole-j-reinhard","status":"publish","type":"page","link":"https:\/\/www.nicole-reinhard.de\/de\/nicole-j-reinhard\/","title":{"rendered":"Nicole J. Reinhard"},"content":{"rendered":"<h1>Nicole <em>J.<\/em> Reinhard<\/h1>\n<div class=\"row\">\n<div class=\"col-sm-6 \">\n<h2>Ich mache Ihre Ideen sichtbar!<\/h2>\n<p>Effektiv, kreativ und mit viel Herzblut. Meine Arbeiten sind klar in der Konzeption, konsequent in der Umsetzung und zielf\u00fchrend in der Wirkung. Von der ersten Idee bis zur Produktion gilt das Prinzip: Weniger ist mehr!<\/p>\n<p>Eigenschaften, die mich auszeichnen: Kreativit\u00e4t \u2013 Gestaltungskraft \u2013 Engagement \u2013 Zielstrebigkeit \u2013 Genauigkeit.\u00a0Mein Ziel dabei ist, neue Herausforderungen zu suchen, neue Eindr\u00fccke zu sammeln und immer wieder den Blick f\u00fcr das Wesentliche zu sch\u00e4rfen \u2013 f\u00fcr Sie und mit Ihnen.<\/p>\n<p>Alles weitere erz\u00e4hle ich Ihnen gerne in einem pers\u00f6nlichen Gespr\u00e4ch.<br \/>\nBei mir. Bei Ihnen. Bei einer Tasse Kaffee.<\/p>\n<div style=\"width:100%; height:20px\">&nbsp;<\/div>\n<\/div> \n\n<div class=\"col-sm-6 \">\n<p><img loading=\"lazy\" decoding=\"async\" class=\"img-responsive alignnone size-full wp-image-411\" src=\"https:\/\/www.nicole-reinhard.de\/de\/wp-content\/uploads\/sites\/2\/2015\/02\/Nicole3_600x400.jpg\" alt=\"Nicole3_600x400\" width=\"600\" height=\"400\" srcset=\"https:\/\/www.nicole-reinhard.de\/de\/wp-content\/uploads\/sites\/2\/2015\/02\/Nicole3_600x400.jpg 600w, https:\/\/www.nicole-reinhard.de\/de\/wp-content\/uploads\/sites\/2\/2015\/02\/Nicole3_600x400-300x200.jpg 300w\" sizes=\"(max-width: 600px) 100vw, 600px\" \/><\/p>\n<\/div> \n<\/div> \n\n<h3>Berufserfahrung<\/h3>\n<ul>\n<li>Art Directrice bei Voith Turbo GmbH &amp; Co. KG, Heidenheim<\/li>\n<li>Art Directrice bei SLOGAN, Werbung Marketing Consulting GmbH, Filderstadt<\/li>\n<li>Junior Art Directrice, sp\u00e4ter zus\u00e4tzlich stellvertretende B\u00fcroleiterin bei DiversoDesign,<br \/>\nB\u00fcro f\u00fcr Gestaltung und Kalligraphie, Aalen<\/li>\n<\/ul>\n<h3>Praxiserfahrung<\/h3>\n<ul>\n<li>Praktikum Werbeabteilung Voith Paper, Heidenheim<\/li>\n<li>Internship bei Pomegranate Verlag, Rohnert Park, Kalifornien, USA<\/li>\n<li>Praktikum bei Atelier H\u00fcper, Heidenheim<\/li>\n<\/ul>\n<h3>Ausbildung<\/h3>\n<ul>\n<li>Grafik-Design Studium an der Freien Hochschule f\u00fcr Kunst und Grafik-Design, Freiburg (7. und 8. Semester)<\/li>\n<li>Grafik-Design Studium an der Freien Freie Kunstschule Stuttgart (1. bis 6. Semester)<\/li>\n<li>Abitur<\/li>\n<\/ul>\n<h3>Kenntnisse<\/h3>\n<ul>\n<li>MAC OS X<\/li>\n<li>Creative Suite (Photoshop, Indesign, Illustrator, Acrobat)<\/li>\n<li>Microsoft PowerPoint, Word, Excel<\/li>\n<li>Fotografie<\/li>\n<li>Papier + Bleistift<\/li>\n<\/ul>\n<h3>Sprachen<\/h3>\n<ul>\n<li>Deutsch<\/li>\n<li>Englisch<\/li>\n<li>Franz\u00f6sisch<\/li>\n<li>Grundkenntnisse Spanisch<\/li>\n<\/ul>\n","protected":false},"excerpt":{"rendered":"<p>Nicole J. Reinhard Berufserfahrung Art Directrice bei Voith Turbo GmbH &amp; Co. KG, Heidenheim Art Directrice bei SLOGAN, Werbung Marketing Consulting GmbH, Filderstadt Junior Art Directrice, sp\u00e4ter zus\u00e4tzlich stellvertretende B\u00fcroleiterin bei DiversoDesign, B\u00fcro f\u00fcr Gestaltung und Kalligraphie, Aalen Praxiserfahrung Praktikum Werbeabteilung Voith Paper, Heidenheim Internship bei Pomegranate Verlag, Rohnert Park, Kalifornien, USA Praktikum bei Atelier [&hellip;]<\/p>\n","protected":false},"author":1,"featured_media":0,"parent":0,"menu_order":0,"comment_status":"open","ping_status":"open","template":"","meta":{"footnotes":""},"class_list":["post-76","page","type-page","status-publish","hentry"],"_links":{"self":[{"href":"https:\/\/www.nicole-reinhard.de\/de\/wp-json\/wp\/v2\/pages\/76"}],"collection":[{"href":"https:\/\/www.nicole-reinhard.de\/de\/wp-json\/wp\/v2\/pages"}],"about":[{"href":"https:\/\/www.nicole-reinhard.de\/de\/wp-json\/wp\/v2\/types\/page"}],"author":[{"embeddable":true,"href":"https:\/\/www.nicole-reinhard.de\/de\/wp-json\/wp\/v2\/users\/1"}],"replies":[{"embeddable":true,"href":"https:\/\/www.nicole-reinhard.de\/de\/wp-json\/wp\/v2\/comments?post=76"}],"version-history":[{"count":22,"href":"https:\/\/www.nicole-reinhard.de\/de\/wp-json\/wp\/v2\/pages\/76\/revisions"}],"predecessor-version":[{"id":834,"href":"https:\/\/www.nicole-reinhard.de\/de\/wp-json\/wp\/v2\/pages\/76\/revisions\/834"}],"wp:attachment":[{"href":"https:\/\/www.nicole-reinhard.de\/de\/wp-json\/wp\/v2\/media?parent=76"}],"curies":[{"name":"wp","href":"https:\/\/api.w.org\/{rel}","templated":true}]}}