{"id":72,"date":"2015-02-01T21:14:05","date_gmt":"2015-02-01T21:14:05","guid":{"rendered":"https:\/\/www.nicole-reinhard.de\/de\/?page_id=72"},"modified":"2015-03-31T04:25:57","modified_gmt":"2015-03-31T04:25:57","slug":"kundenstimmen","status":"publish","type":"page","link":"https:\/\/www.nicole-reinhard.de\/de\/referenzen\/kundenstimmen\/","title":{"rendered":"Kundenstimmen"},"content":{"rendered":"<h1><em>Kundenstimmen<\/em><\/h1>\n<div class=\"row\">\n<div class=\"col-sm-6 \">\n<div class=\"dox-voices-item\">\n<p class=\"dox-voices-text\">&bdquo;Zuverl\u00e4ssige Projekterledigung, optimale Termineinhaltung, kreative Ideengeberin, bleibt am Thema dran, koordiniert alle Beteiligten \u2013 eine sehr gute Zusammenarbeit \u2013 gestern, heute und morgen.&ldquo;<\/p>\n<div class=\"row\">\n<div class=\"col-xs-6\">\n<p class=\"dox-voices-speaker\">\nKlaus Wolf<br>\n<small>Vorstand<br>\nHanns-Voith-Stiftung<\/small><\/p>\n<\/div>\n<div class=\"col-xs-6\">\n<img decoding=\"async\" class=\"img-responsive pull-right\" src=\"https:\/\/www.nicole-reinhard.de\/de\/wp-content\/uploads\/sites\/2\/2015\/03\/HVS.jpg\">\n<\/div>\n<\/div>\n<\/div>\n<\/div> \n\n<div class=\"col-sm-6 &#8220;&#8220;\">\n<div class=\"dox-voices-item\">\n<p class=\"dox-voices-text\">&bdquo;Nicole J. Reinhard erfasste unsere Markenstrategie schnell und machte diese in unseren Printmedien durch ihre Gestaltung sichtbar und erlebbar. Ihre Vorschl\u00e4ge waren kreativ, zielgruppenorientiert und realit\u00e4tsnah. Sie engagierte sich auch ganz pers\u00f6nlich stets daf\u00fcr, mit ihrem Ergebnis die optimale L\u00f6sung f\u00fcr T\u00dcV Rheinland zu erzielen.&ldquo;<\/p>\n<div class=\"row\">\n<div class=\"col-xs-6\">\n<p class=\"dox-voices-speaker\">\nManfred Bachmann<br>\n<small>Leiter Marketing und Vertrieb, Prokurist<br>\nT\u00dcV Rheinland Industrie Service GmbH<\/small><\/p>\n<\/div>\n<div class=\"col-xs-6\">\n<img decoding=\"async\" class=\"img-responsive pull-right\" src=\"https:\/\/www.nicole-reinhard.de\/de\/wp-content\/uploads\/sites\/2\/2015\/03\/tuv.jpg\">\n<\/div>\n<\/div>\n<\/div>\n<\/div> \n<\/div> \n\n<div class=\"row\">\n<div class=\"col-sm-6 \">\n<div class=\"dox-voices-item\">\n<p class=\"dox-voices-text\">&bdquo;Eine erfolgreiche touristische Stadtwerbung ist immer eine Gratwanderung. Einerseits sind die Rahmenbedingungen des CI und somit die Wiedererkennbarkeit einzuhalten, auf der anderen Seite ist bei jedem Produkt und Medium Originalit\u00e4t und Phantasie gefragt.\u00a0Nicole J. Reinhard ist dies hervorragend bei der Gestaltung von T-Shirts mit Opernfestspielmotiv, kultigen Kulturanzeigen und aufregenden Roll-ups gelungen! Wir sch\u00e4tzen vor allem ihre gro\u00dfe Professionalit\u00e4t und Zuverl\u00e4ssigkeit bei der Umsetzung unserer Projekte.&ldquo;<\/p>\n<div class=\"row\">\n<div class=\"col-xs-6\">\n<p class=\"dox-voices-speaker\">\nBettina Kruse<br>\n<small>Tourismusbeauftragte<br>\nStadt Heidenheim<\/small><\/p>\n<\/div>\n<div class=\"col-xs-6\">\n<img decoding=\"async\" class=\"img-responsive pull-right\" src=\"https:\/\/www.nicole-reinhard.de\/de\/wp-content\/uploads\/sites\/2\/2015\/03\/stadt_HDH.jpg\">\n<\/div>\n<\/div>\n<\/div>\n<\/div> \n\n<div class=\"col-sm-6 &#8220;&#8220;\">\n<div class=\"dox-voices-item\">\n<p class=\"dox-voices-text\">&bdquo;Wir wissen Ihre Zuverl\u00e4ssigkeit, Termintreue und Kreativit\u00e4t zu sch\u00e4tzen \u2013 und sie geht immer wieder neu und innovativ an jede Aufgabe heran. Wir bedanken uns bei Nicole J. Reinhard f\u00fcr die stets offene, vertrauensvolle und loyale Zusammenarbeit.&ldquo;<\/p>\n<div class=\"row\">\n<div class=\"col-xs-6\">\n<p class=\"dox-voices-speaker\">\nAlexander Reinhard<br>\n<small>Gesch\u00e4ftsf\u00fchrer, Inhaber<br>\nRe!nhard Mode GmbH<\/small><\/p>\n<\/div>\n<div class=\"col-xs-6\">\n<img decoding=\"async\" class=\"img-responsive pull-right\" src=\"https:\/\/www.nicole-reinhard.de\/de\/wp-content\/uploads\/sites\/2\/2015\/02\/Reinhard_Logo1.jpg\">\n<\/div>\n<\/div>\n<\/div>\n<\/div> \n<\/div> \n\n<div class=\"row\">\n<div class=\"col-sm-6 \">\n<div class=\"dox-voices-item\">\n<p class=\"dox-voices-text\">&bdquo;Liebe Nicole, danke f\u00fcr deine Unterst\u00fctzung bei der Veranstaltung. Nur durch das Sponsoring durch ausschlie\u00dflich Heidenheimer Betriebe war es m\u00f6glich, diese Veranstaltung durchzuf\u00fchren. Der Silvesterlauf war eine hervorragende Sportveranstaltung. Weit mehr als 300 Teilnehmer sprechen hier f\u00fcr sich. Damit ist der Silvesterlauf bereits jetzt die drittgr\u00f6\u00dfte Laufveranstaltung im Landkreis. Danke f\u00fcr das Vertrauen und die Unterst\u00fctzung. Unser Flyer geh\u00f6rt zu den sch\u00f6nsten \u00fcberhaupt und das ist gut f\u00fcr uns und vielleicht auch gut f\u00fcr dich als Referenz. Wir wollen auch zuk\u00fcnftig mit dir arbeiten!!! Ich komme im Laufe des Jahres dann auf dich zu. Nochmals danke im Namen der Teilnehmer, Helfer und Organisation.&ldquo;<\/p>\n<div class=\"row\">\n<div class=\"col-xs-6\">\n<p class=\"dox-voices-speaker\">\nMartin Zimmt<br>\n<small>Projektleiter<br>\nSV Mergelstetten<\/small><\/p>\n<\/div>\n<div class=\"col-xs-6\">\n<img decoding=\"async\" class=\"img-responsive pull-right\" src=\"https:\/\/www.nicole-reinhard.de\/de\/wp-content\/uploads\/sites\/2\/2015\/03\/SVM.jpg\">\n<\/div>\n<\/div>\n<\/div>\n<\/div> \n\n<div class=\"col-sm-6 &#8220;&#8220;\">\n<div class=\"dox-voices-item\">\n<p class=\"dox-voices-text\">&bdquo;Es macht viel Spa\u00df mit Nicole J. Reinhard ein Projekt zu realisieren. Sie hat kreative Visionen und liefert durchdachte Ideen. Sie hinterfragt auch kritisch, im besten Sinne. Das ist sehr hilfreich. Weil sie einen scharfen Blick f\u00fcr Details hat und sehr pr\u00e4zise arbeitet. Die Ergebnisqualit\u00e4t war bisher immer hervorragend. Ich kann sie nur empfehlen.&ldquo;<\/p>\n<div class=\"row\">\n<div class=\"col-xs-6\">\n<p class=\"dox-voices-speaker\">\nHeike Hofstetter<br>\n<small>Gesch\u00e4ftsf\u00fchrerin, Inhaberin<br>\nHeike Hofstetter Marketing.Beratung <\/small><\/p>\n<\/div>\n<div class=\"col-xs-6\">\n<img decoding=\"async\" class=\"img-responsive pull-right\" src=\"https:\/\/www.nicole-reinhard.de\/de\/wp-content\/uploads\/sites\/2\/2015\/02\/Hofstetter_Logo.jpg\">\n<\/div>\n<\/div>\n<\/div>\n<\/div> \n<\/div> \n\n<h2>Hochzeitspaare<\/h2>\n<div class=\"row\">\n<div class=\"col-sm-6 \">\n<div class=\"dox-voices-item\">\n<p class=\"dox-voices-text\">&bdquo;Das Farbmotto f\u00fcr unsere Hochzeit war uns schnell klar. Nur mit dem Rest waren wir hoffnungslos \u00fcberfordert. Nicole J. Reinhard war unser Fels in der Brandung: Vom Konzept der Einladung \u00fcber die Gestaltung und Abwicklung aller Drucksachen bis hin zur erg\u00e4nzenden Dekoration am Hochzeitstag hat sie uns perfekt beraten. Sie ist auf alle unsere W\u00fcnsche eingegangen, auch wenn sie manchmal vielleicht etwas seltsam waren. Wir f\u00fchlten uns immer gut beraten und super aufgehoben. Das Ergebnis konnte sich wirklich sehen lassen. Das fanden auch unsere G\u00e4ste, die allesamt begeistert waren. Liebe Nicole, vielen Dank f\u00fcr alles. Auch durch dich und deine Arbeit hatten wir den wundervollsten Tag des Lebens.&ldquo;<\/p>\n<p class=\"dox-voices-speaker\">\nNadja und Ivan Orsulic<br>\n<small><br>\n<\/small><\/p>\n<\/div>\n<\/div> \n\n<div class=\"col-sm-6 &#8220;&#8220;\">\n<div class=\"dox-voices-item\">\n<p class=\"dox-voices-text\">&bdquo;Nicole J. Reinhard hat sich perfekt um die grafisch-k\u00fcnstlerische Gestaltung unserer Hochzeit gek\u00fcmmert. Nach gemeinsamer Erarbeitung eines zu uns passenden Grundkonzepts, setzte sie die einzelnen Komponenten wie Einladung, Men\u00fckarten und Tischplan kreativ, kompetent und sehr professionell um. Sie stand uns stets mit Rat und Tat zur Seite und wir m\u00f6chten ihr auf diesem Weg nochmals f\u00fcr ihre tolle Arbeit und den damit verbundenen Beitrag zu einem unvergesslichen Tag danken!&ldquo;<\/p>\n<p class=\"dox-voices-speaker\">\nSaskia und Frank-Nicolaj W\u00f6lz<br>\n<small><br>\n<\/small><\/p>\n<\/div>\n<\/div> \n<\/div> \n\n<div class=\"row\">\n<div class=\"col-sm-6 \">\n<div class=\"dox-voices-item\">\n<p class=\"dox-voices-text\">&bdquo;Liebe Frau Reinhard, trotz unserer sehr individuellen und manchmal nicht ganz einfachen, anspruchsvollen Vorstellungen von unseren Einladungen, Liedbl\u00e4ttern und Men\u00fckarten, die auf keinen Fall \u201ceine von der Stange\u201d werden sollten, haben Sie es einfach mit erstaunlich viel Geduld, Herz und Verstand geschafft, jedesmal genau den richtigen Nerv bei uns zu treffen. Sie haben uns wunderbar unterst\u00fctzt und mit Ihren ausgefallenen kreativen Ideen befl\u00fcgelt. Sie haben unsere Hochzeit zu einem Highlight in unserem Leben und im Leben unserer G\u00e4ste gemacht.&ldquo;<\/p>\n<p class=\"dox-voices-speaker\">\nKristina und Matthias Beck<br>\n<small><br>\n<\/small><\/p>\n<\/div>\n<\/div> \n\n<div class=\"col-sm-6 \">\n<div class=\"dox-voices-item\">\n<p class=\"dox-voices-text\">&bdquo;Nicole J. Reinhard hat unsere Ideen und W\u00fcnsche wunderbar zu Papier gebracht. Damit brachte sie ma\u00dfgeblich den roten Faden in Layout und Gestaltung unserer Hochzeit ein. Sie hat uns ein tolles Ergebnis pr\u00e4sentiert, obwohl unser au\u00dfergew\u00f6hnliches Thema nicht Ihrem Stil entspricht. Wir bedanken uns sehr herzlich f\u00fcr alles.&ldquo;<\/p>\n<p class=\"dox-voices-speaker\">\nJessi und Chrissi Diekkamp<br>\n<small><br>\n<\/small><\/p>\n<\/div>\n<\/div> \n<\/div> \n\n<div class=\"row\">\n<div class=\"col-sm-6 \">\n<div class=\"dox-voices-item\">\n<p class=\"dox-voices-text\">&bdquo;Nicole J. Reinhard entwarf und gestaltete f\u00fcr unsere Hochzeit im Jahr 2007 die Einladungs- und Men\u00fckarten. Zudem kreierte sie einen Sitzplan zur Orientierung f\u00fcr unsere Hochzeitsg\u00e4ste. Wir waren mit den verschiedenen Ideen und der Einbindung unserer pers\u00f6nlichen W\u00fcnsche aufs h\u00f6chste zufrieden. Eine schnelle Umsetzung der Gestaltung und eine termingerechte Lieferung geh\u00f6rt bei Nicole J. Reinhard zur Selbstverst\u00e4ndlichkeit. Wir haben sie gerne anderen Hochzeitspaaren weiterempfohlen. Noch mal ein herzliches Dankesch\u00f6n.&ldquo;<\/p>\n<p class=\"dox-voices-speaker\">\nKarin und Wolfgang Weger<br>\n<small><br>\n<\/small><\/p>\n<\/div>\n<\/div> \n\n<div class=\"col-sm-6 \">\n\n<\/div> \n<\/div> \n\n","protected":false},"excerpt":{"rendered":"<p>Kundenstimmen Hochzeitspaare<\/p>\n","protected":false},"author":1,"featured_media":0,"parent":44,"menu_order":0,"comment_status":"open","ping_status":"open","template":"","meta":{"footnotes":""},"class_list":["post-72","page","type-page","status-publish","hentry"],"_links":{"self":[{"href":"https:\/\/www.nicole-reinhard.de\/de\/wp-json\/wp\/v2\/pages\/72"}],"collection":[{"href":"https:\/\/www.nicole-reinhard.de\/de\/wp-json\/wp\/v2\/pages"}],"about":[{"href":"https:\/\/www.nicole-reinhard.de\/de\/wp-json\/wp\/v2\/types\/page"}],"author":[{"embeddable":true,"href":"https:\/\/www.nicole-reinhard.de\/de\/wp-json\/wp\/v2\/users\/1"}],"replies":[{"embeddable":true,"href":"https:\/\/www.nicole-reinhard.de\/de\/wp-json\/wp\/v2\/comments?post=72"}],"version-history":[{"count":15,"href":"https:\/\/www.nicole-reinhard.de\/de\/wp-json\/wp\/v2\/pages\/72\/revisions"}],"predecessor-version":[{"id":596,"href":"https:\/\/www.nicole-reinhard.de\/de\/wp-json\/wp\/v2\/pages\/72\/revisions\/596"}],"up":[{"embeddable":true,"href":"https:\/\/www.nicole-reinhard.de\/de\/wp-json\/wp\/v2\/pages\/44"}],"wp:attachment":[{"href":"https:\/\/www.nicole-reinhard.de\/de\/wp-json\/wp\/v2\/media?parent=72"}],"curies":[{"name":"wp","href":"https:\/\/api.w.org\/{rel}","templated":true}]}}