{"id":44,"date":"2015-02-01T21:08:31","date_gmt":"2015-02-01T21:08:31","guid":{"rendered":"https:\/\/www.nicole-reinhard.de\/de\/?page_id=44"},"modified":"2015-03-31T04:25:52","modified_gmt":"2015-03-31T04:25:52","slug":"referenzen","status":"publish","type":"page","link":"https:\/\/www.nicole-reinhard.de\/de\/referenzen\/","title":{"rendered":"Referenzen"},"content":{"rendered":"<h1>Auszug meiner <em>Referenzen<\/em><\/h1>\n<div class=\"row\">\n<div class=\"col-md-9 \">\n<div class=\"row dox-gallery\">\n<div class=\"col-xs-6 col-sm-4\">\n<img decoding=\"async\" class=\"dox-reference img-responsive\" src=\"https:\/\/www.nicole-reinhard.de\/de\/wp-content\/uploads\/sites\/2\/2015\/02\/Voith_Logo.jpg\" class=\"dox-lightcase\">\n<\/div>\n<div class=\"col-xs-6 col-sm-4\">\n<img decoding=\"async\" class=\"dox-reference img-responsive\" src=\"https:\/\/www.nicole-reinhard.de\/de\/wp-content\/uploads\/sites\/2\/2015\/02\/tuv_Logo.jpg\" class=\"dox-lightcase\">\n<\/div>\n<div class=\"col-xs-6 col-sm-4\">\n<img decoding=\"async\" class=\"dox-reference img-responsive\" src=\"https:\/\/www.nicole-reinhard.de\/de\/wp-content\/uploads\/sites\/2\/2015\/02\/zeiss_Logo.jpg\" class=\"dox-lightcase\">\n<\/div>\n<div class=\"col-xs-6 col-sm-4\">\n<img decoding=\"async\" class=\"dox-reference img-responsive\" src=\"https:\/\/www.nicole-reinhard.de\/de\/wp-content\/uploads\/sites\/2\/2015\/02\/HVS_Logo.jpg\" class=\"dox-lightcase\">\n<\/div>\n<div class=\"col-xs-6 col-sm-4\">\n<img decoding=\"async\" class=\"dox-reference img-responsive\" src=\"https:\/\/www.nicole-reinhard.de\/de\/wp-content\/uploads\/sites\/2\/2015\/02\/bbank_Logo.jpg\" class=\"dox-lightcase\">\n<\/div>\n<div class=\"col-xs-6 col-sm-4\">\n<img decoding=\"async\" class=\"dox-reference img-responsive\" src=\"https:\/\/www.nicole-reinhard.de\/de\/wp-content\/uploads\/sites\/2\/2015\/02\/b_air_Logo.jpg\" class=\"dox-lightcase\">\n<\/div>\n<div class=\"col-xs-6 col-sm-4\">\n<img decoding=\"async\" class=\"dox-reference img-responsive\" src=\"https:\/\/www.nicole-reinhard.de\/de\/wp-content\/uploads\/sites\/2\/2016\/01\/voestalpine_Logo.jpg\" class=\"dox-lightcase\">\n<\/div>\n<div class=\"col-xs-6 col-sm-4\">\n<img decoding=\"async\" class=\"dox-reference img-responsive\" src=\"https:\/\/www.nicole-reinhard.de\/de\/wp-content\/uploads\/sites\/2\/2015\/02\/Reinhard_Logo.jpg\" class=\"dox-lightcase\">\n<\/div>\n<div class=\"col-xs-6 col-sm-4\">\n<img decoding=\"async\" class=\"dox-reference img-responsive\" src=\"https:\/\/www.nicole-reinhard.de\/de\/wp-content\/uploads\/sites\/2\/2015\/02\/hdh_Logo.jpg\" class=\"dox-lightcase\">\n<\/div>\n<div class=\"col-xs-6 col-sm-4\">\n<img decoding=\"async\" class=\"dox-reference img-responsive\" src=\"https:\/\/www.nicole-reinhard.de\/de\/wp-content\/uploads\/sites\/2\/2015\/02\/peri_Logo.jpg\" class=\"dox-lightcase\">\n<\/div>\n<div class=\"col-xs-6 col-sm-4\">\n<img decoding=\"async\" class=\"dox-reference img-responsive\" src=\"https:\/\/www.nicole-reinhard.de\/de\/wp-content\/uploads\/sites\/2\/2015\/02\/igm_Logo.jpg\" class=\"dox-lightcase\">\n<\/div>\n<div class=\"col-xs-6 col-sm-4\">\n<img decoding=\"async\" class=\"dox-reference img-responsive\" src=\"https:\/\/www.nicole-reinhard.de\/de\/wp-content\/uploads\/sites\/2\/2015\/02\/Lavazza_Logo.jpg\" class=\"dox-lightcase\">\n<\/div>\n<div class=\"col-xs-6 col-sm-4\">\n<img decoding=\"async\" class=\"dox-reference img-responsive\" src=\"https:\/\/www.nicole-reinhard.de\/de\/wp-content\/uploads\/sites\/2\/2015\/02\/p_transfers_Logo.jpg\" class=\"dox-lightcase\">\n<\/div>\n<div class=\"col-xs-6 col-sm-4\">\n<img decoding=\"async\" class=\"dox-reference img-responsive\" src=\"https:\/\/www.nicole-reinhard.de\/de\/wp-content\/uploads\/sites\/2\/2015\/02\/invest_Logo.jpg\" class=\"dox-lightcase\">\n<\/div>\n<div class=\"col-xs-6 col-sm-4\">\n<img decoding=\"async\" class=\"dox-reference img-responsive\" src=\"https:\/\/www.nicole-reinhard.de\/de\/wp-content\/uploads\/sites\/2\/2015\/02\/qte_Logo.jpg\" class=\"dox-lightcase\">\n<\/div>\n<div class=\"col-xs-6 col-sm-4\">\n<img decoding=\"async\" class=\"dox-reference img-responsive\" src=\"https:\/\/www.nicole-reinhard.de\/de\/wp-content\/uploads\/sites\/2\/2015\/02\/maurer_Logo.jpg\" class=\"dox-lightcase\">\n<\/div>\n<div class=\"col-xs-6 col-sm-4\">\n<img decoding=\"async\" class=\"dox-reference img-responsive\" src=\"https:\/\/www.nicole-reinhard.de\/de\/wp-content\/uploads\/sites\/2\/2015\/02\/becker_Logo.jpg\" class=\"dox-lightcase\">\n<\/div>\n<div class=\"col-xs-6 col-sm-4\">\n<img decoding=\"async\" class=\"dox-reference img-responsive\" src=\"https:\/\/www.nicole-reinhard.de\/de\/wp-content\/uploads\/sites\/2\/2015\/02\/ksh_Logo.jpg\" class=\"dox-lightcase\">\n<\/div>\n<div class=\"col-xs-6 col-sm-4\">\n<img decoding=\"async\" class=\"dox-reference img-responsive\" src=\"https:\/\/www.nicole-reinhard.de\/de\/wp-content\/uploads\/sites\/2\/2015\/02\/public_Logo.jpg\" class=\"dox-lightcase\">\n<\/div>\n<div class=\"col-xs-6 col-sm-4\">\n<img decoding=\"async\" class=\"dox-reference img-responsive\" src=\"https:\/\/www.nicole-reinhard.de\/de\/wp-content\/uploads\/sites\/2\/2015\/02\/oedp_Logo.jpg\" class=\"dox-lightcase\">\n<\/div>\n<div class=\"col-xs-6 col-sm-4\">\n<img decoding=\"async\" class=\"dox-reference img-responsive\" src=\"https:\/\/www.nicole-reinhard.de\/de\/wp-content\/uploads\/sites\/2\/2015\/02\/primus_Logo.jpg\" class=\"dox-lightcase\">\n<\/div>\n<div class=\"col-xs-6 col-sm-4\">\n<img decoding=\"async\" class=\"dox-reference img-responsive\" src=\"https:\/\/www.nicole-reinhard.de\/de\/wp-content\/uploads\/sites\/2\/2015\/02\/svm_Logo.jpg\" class=\"dox-lightcase\">\n<\/div>\n<div class=\"col-xs-6 col-sm-4\">\n<img decoding=\"async\" class=\"dox-reference img-responsive\" src=\"https:\/\/www.nicole-reinhard.de\/de\/wp-content\/uploads\/sites\/2\/2015\/02\/Riegler_Logo.jpg\" class=\"dox-lightcase\">\n<\/div>\n<div class=\"col-xs-6 col-sm-4\">\n<img decoding=\"async\" class=\"dox-reference img-responsive\" src=\"https:\/\/www.nicole-reinhard.de\/de\/wp-content\/uploads\/sites\/2\/2015\/02\/suedseh_Logo.jpg\" class=\"dox-lightcase\">\n<\/div>\n<\/div>\n<\/div> \n\n<div class=\"col-md-3 \">\n<h2>Kundenstimmen<\/h2>\n<div class=\"dox-voices-item\">\n<p class=\"dox-voices-text\">&bdquo;Zuverl\u00e4ssige Projekterledigung, optimale Termineinhaltung, kreative Ideengeberin, bleibt am Thema dran, koordiniert alle Beteiligten \u2013 eine sehr gute Zusammenarbeit \u2013 gestern, heute und morgen.&ldquo;<\/p>\n<p class=\"dox-voices-speaker\">\nKlaus Wolf<br>\n<small>Vorstand<br>\nHanns-Voith-Stiftung<\/small><\/p>\n<\/div>\n<div class=\"dox-voices-item\">\n<p class=\"dox-voices-text\">&bdquo;Nicole J. Reinhard erfasste unsere Markenstrategie schnell und machte diese in unseren Printmedien durch ihre Gestaltung sichtbar und erlebbar. Ihre Vorschl\u00e4ge waren kreativ, zielgruppenorientiert und realit\u00e4tsnah. Sie engagierte sich auch ganz pers\u00f6nlich stets daf\u00fcr, mit ihrem Ergebnis die optimale L\u00f6sung f\u00fcr T\u00dcV Rheinland zu erzielen.&ldquo;<\/p>\n<p class=\"dox-voices-speaker\">\nManfred Bachmann<br>\n<small>Leiter Marketing und Vertrieb, Prokurist<br>\nT\u00dcV Rheinland Industrie Service GmbH<\/small><\/p>\n<\/div>\n<div class=\"dox-voices-item\">\n<p class=\"dox-voices-text\">&bdquo;Eine erfolgreiche touristische Stadtwerbung ist immer eine Gratwanderung. Einerseits sind die Rahmenbedingungen des CI und somit die Wiedererkennbarkeit einzuhalten, auf der anderen Seite ist bei jedem Produkt und Medium Originalit\u00e4t und Phantasie gefragt.\u00a0Nicole J. Reinhard ist dies hervorragend bei der Gestaltung von T-Shirts mit Opernfestspielmotiv, kultigen Kulturanzeigen und aufregenden Roll-ups gelungen! Wir sch\u00e4tzen vor allem ihre gro\u00dfe Professionalit\u00e4t und Zuverl\u00e4ssigkeit bei der Umsetzung unserer Projekte.&ldquo;<\/p>\n<p class=\"dox-voices-speaker\">\nBettina Kruse<br>\n<small>Tourismusbeauftragte<br>\nStadt Heidenheim<\/small><\/p>\n<\/div>\n<p style=\"text-align: right;\"><a title=\"Kundenstimmen\" href=\"https:\/\/www.nicole-reinhard.de\/de\/referenzen\/kundenstimmen\/\">Alle Kundenstimmen<\/a><\/p>\n<\/div> \n<\/div> \n\n","protected":false},"excerpt":{"rendered":"<p>Auszug meiner Referenzen<\/p>\n","protected":false},"author":1,"featured_media":0,"parent":0,"menu_order":0,"comment_status":"open","ping_status":"open","template":"","meta":{"footnotes":""},"class_list":["post-44","page","type-page","status-publish","hentry"],"_links":{"self":[{"href":"https:\/\/www.nicole-reinhard.de\/de\/wp-json\/wp\/v2\/pages\/44"}],"collection":[{"href":"https:\/\/www.nicole-reinhard.de\/de\/wp-json\/wp\/v2\/pages"}],"about":[{"href":"https:\/\/www.nicole-reinhard.de\/de\/wp-json\/wp\/v2\/types\/page"}],"author":[{"embeddable":true,"href":"https:\/\/www.nicole-reinhard.de\/de\/wp-json\/wp\/v2\/users\/1"}],"replies":[{"embeddable":true,"href":"https:\/\/www.nicole-reinhard.de\/de\/wp-json\/wp\/v2\/comments?post=44"}],"version-history":[{"count":11,"href":"https:\/\/www.nicole-reinhard.de\/de\/wp-json\/wp\/v2\/pages\/44\/revisions"}],"predecessor-version":[{"id":595,"href":"https:\/\/www.nicole-reinhard.de\/de\/wp-json\/wp\/v2\/pages\/44\/revisions\/595"}],"wp:attachment":[{"href":"https:\/\/www.nicole-reinhard.de\/de\/wp-json\/wp\/v2\/media?parent=44"}],"curies":[{"name":"wp","href":"https:\/\/api.w.org\/{rel}","templated":true}]}}