{"id":42,"date":"2015-02-01T21:06:52","date_gmt":"2015-02-01T21:06:52","guid":{"rendered":"https:\/\/www.nicole-reinhard.de\/de\/?page_id=42"},"modified":"2022-09-04T15:22:47","modified_gmt":"2022-09-04T15:22:47","slug":"kontakt","status":"publish","type":"page","link":"https:\/\/www.nicole-reinhard.de\/de\/kontakt\/","title":{"rendered":"Kontakt"},"content":{"rendered":"<h1><em>Kontakt<\/em><\/h1>\n<div class=\"row\">\n<div class=\"col-sm-6 \">\n<div class=\"wpcf7 no-js\" id=\"wpcf7-f41-o1\" lang=\"de-DE\" dir=\"ltr\">\n<div class=\"screen-reader-response\"><p role=\"status\" aria-live=\"polite\" aria-atomic=\"true\"> <ul><\/ul><\/div>\n<form action=\"\/de\/wp-json\/wp\/v2\/pages\/42#wpcf7-f41-o1\" method=\"post\" class=\"wpcf7-form init\" aria-label=\"Kontaktformular\" novalidate=\"novalidate\" data-status=\"init\">\n<div style=\"display: none;\">\n<input type=\"hidden\" name=\"_wpcf7\" value=\"41\" \/>\n<input type=\"hidden\" name=\"_wpcf7_version\" value=\"5.9.8\" \/>\n<input type=\"hidden\" name=\"_wpcf7_locale\" value=\"de_DE\" \/>\n<input type=\"hidden\" name=\"_wpcf7_unit_tag\" value=\"wpcf7-f41-o1\" \/>\n<input type=\"hidden\" name=\"_wpcf7_container_post\" value=\"0\" \/>\n<input type=\"hidden\" name=\"_wpcf7_posted_data_hash\" value=\"\" \/>\n<\/div>\n<div class=\"form-group\">\n\t<p><span id=\"wpcf7-69f13def680c3-wrapper\" class=\"wpcf7-form-control-wrap name-2grades-wrap\" style=\"display:none !important; visibility:hidden !important;\"><label for=\"wpcf7-69f13def680c3-field\" class=\"hp-message\">Bitte lasse dieses Feld leer.<\/label><input id=\"wpcf7-69f13def680c3-field\"  class=\"wpcf7-form-control wpcf7-text name-vorname\" type=\"text\" name=\"name-2grades\" value=\"\" size=\"40\" tabindex=\"-1\" autocomplete=\"new-password\" \/><\/span><br \/>\n<span class=\"wpcf7-form-control-wrap\" data-name=\"pname\"><input size=\"40\" maxlength=\"400\" class=\"wpcf7-form-control wpcf7-text wpcf7-validates-as-required form-control\" id=\"df-pname\" aria-required=\"true\" aria-invalid=\"false\" placeholder=\"Vorname\" value=\"\" type=\"text\" name=\"pname\" \/><\/span>\n\t<\/p>\n<\/div>\n<div class=\"form-group\">\n\t<p><span class=\"wpcf7-form-control-wrap\" data-name=\"lname\"><input size=\"40\" maxlength=\"400\" class=\"wpcf7-form-control wpcf7-text wpcf7-validates-as-required form-control\" id=\"df-lname\" aria-required=\"true\" aria-invalid=\"false\" placeholder=\"Nachname\" value=\"\" type=\"text\" name=\"lname\" \/><\/span>\n\t<\/p>\n<\/div>\n<div class=\"form-group\">\n\t<p><span class=\"wpcf7-form-control-wrap\" data-name=\"street\"><input size=\"40\" maxlength=\"400\" class=\"wpcf7-form-control wpcf7-text wpcf7-validates-as-required form-control\" id=\"df-street\" aria-required=\"true\" aria-invalid=\"false\" placeholder=\"Stra\u00dfe + Hausnummer\" value=\"\" type=\"text\" name=\"street\" \/><\/span>\n\t<\/p>\n<\/div>\n<div class=\"form-group\">\n\t<p><span class=\"wpcf7-form-control-wrap\" data-name=\"plz\"><input size=\"40\" maxlength=\"400\" class=\"wpcf7-form-control wpcf7-text wpcf7-validates-as-required form-control\" id=\"df-plz\" aria-required=\"true\" aria-invalid=\"false\" placeholder=\"PLZ\" value=\"\" type=\"text\" name=\"plz\" \/><\/span>\n\t<\/p>\n<\/div>\n<div class=\"form-group\">\n\t<p><span class=\"wpcf7-form-control-wrap\" data-name=\"Ort\"><input size=\"40\" maxlength=\"400\" class=\"wpcf7-form-control wpcf7-text wpcf7-validates-as-required form-control\" id=\"df-city\" aria-required=\"true\" aria-invalid=\"false\" placeholder=\"Ort\" value=\"\" type=\"text\" name=\"Ort\" \/><\/span>\n\t<\/p>\n<\/div>\n<div class=\"form-group\">\n\t<p><span class=\"wpcf7-form-control-wrap\" data-name=\"phone\"><input size=\"40\" maxlength=\"400\" class=\"wpcf7-form-control wpcf7-tel wpcf7-validates-as-required wpcf7-text wpcf7-validates-as-tel form-control\" id=\"df-phone\" aria-required=\"true\" aria-invalid=\"false\" placeholder=\"Telefon\" value=\"\" type=\"tel\" name=\"phone\" \/><\/span>\n\t<\/p>\n<\/div>\n<div class=\"form-group\">\n\t<p><span class=\"wpcf7-form-control-wrap\" data-name=\"email\"><input size=\"40\" maxlength=\"400\" class=\"wpcf7-form-control wpcf7-email wpcf7-validates-as-required wpcf7-text wpcf7-validates-as-email form-control\" id=\"df-email\" aria-required=\"true\" aria-invalid=\"false\" placeholder=\"E-Mail\" value=\"\" type=\"email\" name=\"email\" \/><\/span>\n\t<\/p>\n<\/div>\n<div class=\"form-group\">\n\t<p><span id=\"wpcf7-69f13def68365-wrapper\" class=\"wpcf7-form-control-wrap website-wrap\" style=\"display:none !important; visibility:hidden !important;\"><label for=\"wpcf7-69f13def68365-field\" class=\"hp-message\">Bitte lasse dieses Feld leer.<\/label><input id=\"wpcf7-69f13def68365-field\"  class=\"wpcf7-form-control wpcf7-text website\" type=\"text\" name=\"website\" value=\"\" size=\"40\" tabindex=\"-1\" autocomplete=\"new-password\" \/><\/span><br \/>\n<span class=\"wpcf7-form-control-wrap\" data-name=\"message\"><textarea cols=\"40\" rows=\"10\" maxlength=\"2000\" class=\"wpcf7-form-control wpcf7-textarea wpcf7-validates-as-required form-control\" id=\"df-message\" aria-required=\"true\" aria-invalid=\"false\" placeholder=\"Ihre Nachricht\" name=\"message\"><\/textarea><\/span>\n\t<\/p>\n<\/div>\n<div class=\"form-group\">\n\t<p><input class=\"wpcf7-form-control wpcf7-submit has-spinner btn btn-primary\" id=\"df-submit\" type=\"submit\" value=\"Nachricht senden\" \/>\n\t<\/p>\n<\/div><div class=\"wpcf7-response-output\" aria-hidden=\"true\"><\/div>\n<\/form>\n<\/div>\n<div style=\"width:100%; height:40px\">&nbsp;<\/div>\n<\/div> \n\n<div class=\"col-sm-6 \">\n<p>Nicole J. Reinhard<br \/>\nGrafik-\/Kommunikationsdesignerin<\/p>\n<p>Sankt P\u00f6ltener Str. 2 (2. Stock)<br \/>\n89522 Heidenheim<\/p>\n<p>Fon \u00a0 + 497321.277726<br \/>\nFunk + 49176.20153591<\/p>\n<p><span id=\"cloak13663\"><a href=\"mailto:design@nicole-reinhard.de\">design@nicole-reinhard.de<\/a><\/span><br \/>\n<a title=\"Startseite\" href=\"https:\/\/www.nicole-reinhard.de\/de\/\">www.nicole-reinhard.de<\/a><\/p>\n<div style=\"width:100%; height:40px\">&nbsp;<\/div>\n<div class=\"placeholder-map\">\n<a id=\"bild\" href=\"#\" onClick=\"block()\"><br \/>\n<img class=\"img-responsive\"src=\"https:\/\/www.nicole-reinhard.de\/de\/wp-content\/uploads\/sites\/2\/2022\/09\/google-maps-background.jpg\"\/><\/p>\n<div class=\"centered\">\n<h3>Google Maps blockiert<\/h3>\n<p><span>Zum Aktivieren der eingebetteten Karte bitte erneut auf das Bild klicken. Durch das Aktivieren werden Daten an den jeweiligen Anbieter \u00fcbermittelt.<\/span>\n<\/div>\n<p><\/a>\n<\/div>\n<p><iframe style=\"display:none;\" id='karte' width=\"100%\" height=\"360px\" frameborder=\"0\" style=\"border:0\" ><\/iframe><\/p>\n<div style=\"width:100%; height:40px\">&nbsp;<\/div>\n<h3>Parken<\/h3>\n<p>Parken k\u00f6nnen Sie entweder bei Nicole J. Reinhard im Hof der Sankt P\u00f6ltener Stra\u00dfe 2 direkt vor der grauen Garage oder kostenpflichtig direkt entlang an der Erchenstra\u00dfe. Bitte nicht auf anderen Parkfl\u00e4chen im Hof parken, da diese fremd vermietet sind.<\/p>\n<\/div> \n<\/div> \n\n","protected":false},"excerpt":{"rendered":"<p>Kontakt<\/p>\n","protected":false},"author":1,"featured_media":0,"parent":0,"menu_order":0,"comment_status":"open","ping_status":"open","template":"","meta":{"footnotes":""},"class_list":["post-42","page","type-page","status-publish","hentry"],"_links":{"self":[{"href":"https:\/\/www.nicole-reinhard.de\/de\/wp-json\/wp\/v2\/pages\/42"}],"collection":[{"href":"https:\/\/www.nicole-reinhard.de\/de\/wp-json\/wp\/v2\/pages"}],"about":[{"href":"https:\/\/www.nicole-reinhard.de\/de\/wp-json\/wp\/v2\/types\/page"}],"author":[{"embeddable":true,"href":"https:\/\/www.nicole-reinhard.de\/de\/wp-json\/wp\/v2\/users\/1"}],"replies":[{"embeddable":true,"href":"https:\/\/www.nicole-reinhard.de\/de\/wp-json\/wp\/v2\/comments?post=42"}],"version-history":[{"count":66,"href":"https:\/\/www.nicole-reinhard.de\/de\/wp-json\/wp\/v2\/pages\/42\/revisions"}],"predecessor-version":[{"id":893,"href":"https:\/\/www.nicole-reinhard.de\/de\/wp-json\/wp\/v2\/pages\/42\/revisions\/893"}],"wp:attachment":[{"href":"https:\/\/www.nicole-reinhard.de\/de\/wp-json\/wp\/v2\/media?parent=42"}],"curies":[{"name":"wp","href":"https:\/\/api.w.org\/{rel}","templated":true}]}}